{"id":60,"date":"2019-12-16T09:46:42","date_gmt":"2019-12-16T08:46:42","guid":{"rendered":"http:\/\/www.amazingshots.at\/?page_id=60"},"modified":"2021-04-13T12:54:20","modified_gmt":"2021-04-13T10:54:20","slug":"data-protection","status":"publish","type":"page","link":"http:\/\/www.amazingshots.at\/en\/data-protection\/","title":{"rendered":"Data protection"},"content":{"rendered":"<h2>Datenschutzerkl\u00e4rung<\/h2>\n<h3>Wer ich bin<\/h3>\n<p>Ferdinand Krainer<br \/>\nH\u00f6rgas 72<br \/>\n8103 Gratwein-Stra\u00dfengel<br \/>\n<a href=\"mailto:ferdinand@amazingshots.at\">ferdinand@amazingshots.at<\/a><\/p>\n<h3>Server-Log-Files<\/h3>\n<p>Der Provider der Seiten erhebt und speichert automatisch (3 Tage lang) Informationen in so genannten Server-Log Files, die Ihr Browser automatisch an uns \u00fcbermittelt. Dies sind:<\/p>\n<p>\u2013 Browsertyp, Sprache und Browserversion<br \/>\n\u2013 verwendetes Betriebssystem<br \/>\n\u2013 Referrer URL (von welcher Website)<br \/>\n\u2013 Hostname des zugreifenden Rechners<br \/>\n\u2013 Uhrzeit der Serveranfrage, Ursprungsland, IP-Daten<\/p>\n<p>Diese Daten sind nicht bestimmten Personen zuordenbar.<\/p>\n<p>Eine Zusammenf\u00fchrung dieser Daten mit anderen Datenquellen wird nicht vorgenommen.<\/p>\n<h3>Cookies<\/h3>\n<p>Wenn du einen Kommentar auf unserer Website schreibst, kann das eine Einwilligung sein, deinen Namen, E-Mail-Adresse und Website in Cookies zu speichern. Dies ist eine Komfortfunktion, damit du nicht, wenn du einen weiteren Kommentar schreibst, all diese Daten erneut eingeben musst. Diese Cookies werden ein Jahr lang gespeichert.<\/p>\n<p>Falls du ein Konto hast und dich auf dieser Website anmeldest, werden wir ein tempor\u00e4res Cookie setzen, um festzustellen, ob dein Browser Cookies akzeptiert. Dieses Cookie enth\u00e4lt keine personenbezogenen Daten und wird verworfen, wenn du deinen Browser schlie\u00dft.<\/p>\n<p>Wenn du dich anmeldest, werden wir einige Cookies einrichten, um deine Anmeldeinformationen und Anzeigeoptionen zu speichern. Anmelde-Cookies verfallen nach zwei Tagen und Cookies f\u00fcr die Anzeigeoptionen nach einem Jahr. Falls du bei der Anmeldung \u201eAngemeldet bleiben\u201c ausw\u00e4hlst, wird deine Anmeldung zwei Wochen lang aufrechterhalten. Mit der Abmeldung aus deinem Konto werden die Anmelde-Cookies gel\u00f6scht.<\/p>\n<p>Wenn du einen Artikel bearbeitest oder ver\u00f6ffentlichst, wird ein zus\u00e4tzlicher Cookie in deinem Browser gespeichert. Dieser Cookie enth\u00e4lt keine personenbezogenen Daten und verweist nur auf die Beitrags-ID des Artikels, den du gerade bearbeitet hast. Der Cookie verf\u00e4llt nach einem Tag.<\/p>\n<h3>Eingebettete Inhalte von anderen Websites<\/h3>\n<p>Beitr\u00e4ge auf dieser Website k\u00f6nnen eingebettete Inhalte beinhalten (z.\u00a0B. Videos, Bilder, Beitr\u00e4ge etc.). Eingebettete Inhalte von anderen Websites verhalten sich exakt so, als ob der Besucher die andere Website besucht h\u00e4tte.<\/p>\n<p>Diese Websites k\u00f6nnen Daten \u00fcber dich sammeln, Cookies benutzen, zus\u00e4tzliche Tracking-Dienste von Dritten einbetten und deine Interaktion mit diesem eingebetteten Inhalt aufzeichnen, inklusive deiner Interaktion mit dem eingebetteten Inhalt, falls du ein Konto hast und auf dieser Website angemeldet bist.<\/p>\n<h3>Ihre Rechte<\/h3>\n<p>Ihnen stehen grunds\u00e4tzlich die Rechte auf Auskunft, Berichtigung, L\u00f6schung, Einschr\u00e4nkung, Daten\u00fcbertragbarkeit, Widerruf und Widerspruch zu. Wenn Sie glauben, dass die Verarbeitung Ihrer Daten gegen das Datenschutzrecht verst\u00f6\u00dft oder Ihre datenschutzrechtlichen Anspr\u00fcche sonst in einer Weise verletzt worden sind, k\u00f6nnen Sie sich bei der Aufsichtsbeh\u00f6rde beschweren. In \u00d6sterreich ist dies die Datenschutzbeh\u00f6rde.<\/p>\n<p>Sie erreichen mich unter folgenden Kontaktdaten:<\/p>\n<p>Ferdinand Krainer<br \/>\nH\u00f6rgas 72<br \/>\n8103 Gratwein-Stra\u00dfengel<br \/>\n<a href=\"mailto:ferdinand@amazingshots.at\">ferdinand@amazingshots.at<\/a><\/p>\n","protected":false},"excerpt":{"rendered":"<p>Datenschutzerkl\u00e4rung Wer ich bin Ferdinand Krainer H\u00f6rgas 72 8103 Gratwein-Stra\u00dfengel ferdinand@amazingshots.at Server-Log-Files Der Provider der Seiten erhebt und speichert automatisch (3 Tage lang) Informationen in so genannten Server-Log Files, die Ihr Browser automatisch an uns \u00fcbermittelt. Dies sind: \u2013 Browsertyp, Sprache und Browserversion \u2013 verwendetes Betriebssystem \u2013 Referrer URL (von welcher Website) \u2013 Hostname des [&hellip;]<\/p>\n","protected":false},"author":1,"featured_media":0,"parent":0,"menu_order":0,"comment_status":"closed","ping_status":"closed","template":"","meta":{"_acf_changed":false,"footnotes":""},"acf":[],"_links":{"self":[{"href":"http:\/\/www.amazingshots.at\/en\/wp-json\/wp\/v2\/pages\/60"}],"collection":[{"href":"http:\/\/www.amazingshots.at\/en\/wp-json\/wp\/v2\/pages"}],"about":[{"href":"http:\/\/www.amazingshots.at\/en\/wp-json\/wp\/v2\/types\/page"}],"author":[{"embeddable":true,"href":"http:\/\/www.amazingshots.at\/en\/wp-json\/wp\/v2\/users\/1"}],"replies":[{"embeddable":true,"href":"http:\/\/www.amazingshots.at\/en\/wp-json\/wp\/v2\/comments?post=60"}],"version-history":[{"count":3,"href":"http:\/\/www.amazingshots.at\/en\/wp-json\/wp\/v2\/pages\/60\/revisions"}],"predecessor-version":[{"id":675,"href":"http:\/\/www.amazingshots.at\/en\/wp-json\/wp\/v2\/pages\/60\/revisions\/675"}],"wp:attachment":[{"href":"http:\/\/www.amazingshots.at\/en\/wp-json\/wp\/v2\/media?parent=60"}],"curies":[{"name":"wp","href":"https:\/\/api.w.org\/{rel}","templated":true}]}}